{"id":350790,"date":"2025-05-30T14:29:08","date_gmt":"2025-05-30T06:29:08","guid":{"rendered":"https:\/\/asf-trade.ru\/shop\/irkutsk\/product\/sensornyj-terminal-atol-jazz-15-pro-2\/"},"modified":"2026-04-14T02:28:58","modified_gmt":"2026-04-13T18:28:58","slug":"sensornyj-terminal-atol-jazz-15-pro-2","status":"publish","type":"product","link":"https:\/\/asf-trade.ru\/shop\/irkutsk\/product\/sensornyj-terminal-atol-jazz-15-pro-2\/","title":{"rendered":"\u0421\u0435\u043d\u0441\u043e\u0440\u043d\u044b\u0439 \u0442\u0435\u0440\u043c\u0438\u043d\u0430\u043b \u0410\u0422\u041e\u041b JAZZ 15 Pro"},"content":{"rendered":"<p>\u0421\u0435\u043d\u0441\u043e\u0440\u043d\u044b\u0439 \u0442\u0435\u0440\u043c\u0438\u043d\u0430\u043b \u0410\u0422\u041e\u041b JAZZ 15 Pro<\/p>\n<p>\u041f\u0440\u043e\u0446\u0435\u0441\u0441\u043e\u0440\tCeleron J6412, 4-\u0445 \u044f\u0434\u0435\u0440\u043d\u044b\u0439, 2.0 \u0413\u0413\u0446 &#8211; 2.6 \u0413\u0413\u0446, 1.5 \u041c\u0411 \u043a\u044d\u0448 L2, \u0441 \u043f\u0430\u0441\u0441\u0438\u0432\u043d\u044b\u043c \u043e\u0445\u043b\u0430\u0436\u0434\u0435\u043d\u0438\u0435\u043c<br \/>\n\u0411\u0435\u043d\u0447\u043c\u0430\u0440\u043a\t3992 \u0431\u0430\u043b\u043b\u0430<br \/>\n\u041d\u0430\u043a\u043e\u043f\u0438\u0442\u0435\u043b\u044c \u0434\u0430\u043d\u043d\u044b\u0445\t128 \u0413\u0411 SSD 2.5\u2019\u2019, \u043e\u043f\u0446\u0438\u043e\u043d\u0430\u043b\u044c\u043d\u043e \u0434\u043e 256 \u0413\u0411\/512 \u0413\u0411\/1 \u0422\u0411<br \/>\n\u041e\u043f\u0435\u0440\u0430\u0442\u0438\u0432\u043d\u0430\u044f \u043f\u0430\u043c\u044f\u0442\u044c\t8 \u0413\u0411 \u0432 \u0431\u0430\u0437\u043e\u0432\u043e\u0439 \u043a\u043e\u043c\u043f\u043b\u0435\u043a\u0442\u0430\u0446\u0438\u0438, \u043e\u043f\u0446\u0438\u043e\u043d\u0430\u043b\u044c\u043d\u043e \u0434\u043e 16 \u0413\u0411\/32 \u0413\u0411<br \/>\n\u0421\u0435\u0442\u0435\u0432\u0430\u044f \u043a\u0430\u0440\u0442\u0430\t1 \u00d7 Ethernet 10\/100\/1000 \u041c\u0431\u0438\u0442\/\u0441<br \/>\n\u0411\u0430\u0437\u043e\u0432\u044b\u0435 \u0438\u043d\u0442\u0435\u0440\u0444\u0435\u0439\u0441\u043d\u044b\u0435 \u043f\u043e\u0440\u0442\u044b\t7 \u00d7 USB, 2 \u00d7 COM (RJ-48), 1 \u00d7 VGA, 1 \u00d7 AUX, 1 \u00d7 RJ-11<br \/>\n\u0411\u0435\u0441\u043f\u0440\u043e\u0432\u043e\u0434\u043d\u044b\u0435 \u0438\u043d\u0442\u0435\u0440\u0444\u0435\u0439\u0441\u044b\tWi-Fi<br \/>\n\u0422\u0438\u043f \u044d\u043a\u0440\u0430\u043d\u0430\tLCD, \u0441\u0435\u043d\u0441\u043e\u0440\u043d\u044b\u0439, PCAP, IP54<br \/>\n\u0414\u0438\u0430\u0433\u043e\u043d\u0430\u043b\u044c \u0438 \u0440\u0430\u0437\u0440\u0435\u0448\u0435\u043d\u0438\u0435\t15\u2018\u2019, 1024 x 768 \u043f\u0438\u043a\u0441\u0435\u043b\u0435\u0439<br \/>\n\u041c\u043e\u043d\u0438\u0442\u043e\u0440 \u043f\u043e\u043a\u0443\u043f\u0430\u0442\u0435\u043b\u044f\t\u043e\u043f\u0446\u0438\u044f<br \/>\n\u041f\u0438\u0442\u0430\u043d\u0438\u0435\/\u0410\u0434\u0430\u043f\u0442\u0435\u0440\t\u0412\u043d\u0435\u0448\u043d\u0438\u0439 \u0430\u0434\u0430\u043f\u0442\u0435\u0440 \u043f\u0438\u0442\u0430\u043d\u0438\u044f, 12 \u0412, 5 \u0410<br \/>\n\u0413\u0430\u0431\u0430\u0440\u0438\u0442\u044b, \u043c\u043c\t371 \u0445 372 \u0445 238 (\u0441 \u0440\u0438\u0434\u0435\u0440\u043e\u043c \u0438 \u043f\u043e\u0434\u0441\u0442\u0430\u0432\u043a\u043e\u0439)<br \/>\n \u0412\u0435\u0441 \u043d\u0435\u0442\u0442\u043e, \u043a\u0433\t8<br \/>\n\u0422\u0435\u043c\u043f\u0435\u0440\u0430\u0442\u0443\u0440\u043d\u044b\u0439 \u0440\u0435\u0436\u0438\u043c\t0\u2026+40 \u00b0C<br \/>\n\u0426\u0432\u0435\u0442 \u0438 \u043c\u0430\u0442\u0435\u0440\u0438\u0430\u043b \u043a\u043e\u0440\u043f\u0443\u0441\u0430\t\u0422\u0435\u043c\u043d\u043e-\u0441\u0435\u0440\u044b\u0439\/\u0431\u0435\u043b\u044b\u0439, \u043c\u0435\u0442\u0430\u043b\u043b + \u043f\u043b\u0430\u0441\u0442\u0438\u043a<br \/>\n\u0413\u0430\u0440\u0430\u043d\u0442\u0438\u044f\t24 \u043c\u0435\u0441\u044f\u0446\u0435\u0432<br \/>\n\u041f\u043e\u0434\u0434\u0435\u0440\u0436\u043a\u0430 \u041e\u0421\t\u0412\u0441\u0435 \u043f\u043e\u043f\u0443\u043b\u044f\u0440\u043d\u044b\u0435 \u043e\u043f\u0435\u0440\u0430\u0446\u0438\u043e\u043d\u043d\u044b\u0435 \u0441\u0438\u0441\u0442\u0435\u043c\u044b<br \/>\n\u041e\u043f\u0446\u0438\u043e\u043d\u0430\u043b\u044c\u043d\u043e\tMSR \u0438 \u0432\u0442\u043e\u0440\u043e\u0439 \u0441\u0435\u043d\u0441\u043e\u0440\u043d\u044b\u0439 \u0438\u043b\u0438 \u043d\u0435\u0441\u0435\u043d\u0441\u043e\u0440\u043d\u044b\u0439 \u0440\u0435\u043a\u043b\u0430\u043c\u043d\u044b\u0439 \u043c\u043e\u043d\u0438\u0442\u043e\u0440 15\u201d (1024 \u0445 768)<br \/>\n\u0423\u0441\u0442\u0430\u043d\u043e\u0432\u043a\u0430\t\u043d\u0430\u0441\u0442\u043e\u043b\u044c\u043d\u0430\u044f, \u0412\u043e\u0437\u043c\u043e\u0436\u043d\u043e\u0441\u0442\u044c \u0443\u0441\u0442\u0430\u043d\u043e\u0432\u043a\u0438 \u043d\u0430 VESA \u043a\u0440\u0435\u043f\u043b\u0435\u043d\u0438\u0435 (\u0440\u0430\u0437\u043c\u0435\u0440 75\u044575 \u043c\u043c)<br \/>\n\u041e\u0441\u043e\u0431\u0435\u043d\u043d\u043e\u0441\u0442\u0438\t\u0431\u044b\u0441\u0442\u0440\u0430\u044f \u0437\u0430\u043c\u0435\u043d\u0430 SDD-\u0434\u0438\u0441\u043a\u0430,<br \/>\n\u043c\u0435\u0442\u0430\u043b\u043b\u0438\u0447\u0435\u0441\u043a\u0438\u0439 \u043a\u043e\u0440\u043f\u0443\u0441 \u0438 \u043f\u043e\u0434\u0441\u0442\u0430\u0432\u043a\u0430,<br \/>\n\u0434\u043e\u0441\u0442\u0443\u043f\u0435\u043d \u0432 \u0431\u0435\u043b\u043e\u043c \u0446\u0432\u0435\u0442\u0435.<\/p>\n","protected":false},"excerpt":{"rendered":"<p>\u0421\u0435\u043d\u0441\u043e\u0440\u043d\u044b\u0439 \u0442\u0435\u0440\u043c\u0438\u043d\u0430\u043b \u0410\u0422\u041e\u041b JAZZ 15 Pro \u041f\u0440\u043e\u0446\u0435\u0441\u0441\u043e\u0440 Celeron J6412, 4-\u0445 \u044f\u0434\u0435\u0440\u043d\u044b\u0439, 2.0 \u0413\u0413\u0446 &#8211; 2.6 \u0413\u0413\u0446, 1.5 \u041c\u0411 \u043a\u044d\u0448 L2, \u0441 \u043f\u0430\u0441\u0441\u0438\u0432\u043d\u044b\u043c \u043e\u0445\u043b\u0430\u0436\u0434\u0435\u043d\u0438\u0435\u043c \u0411\u0435\u043d\u0447\u043c\u0430\u0440\u043a 3992 \u0431\u0430\u043b\u043b\u0430 \u041d\u0430\u043a\u043e\u043f\u0438\u0442\u0435\u043b\u044c \u0434\u0430\u043d\u043d\u044b\u0445 128 \u0413\u0411 SSD 2.5\u2019\u2019, \u043e\u043f\u0446\u0438\u043e\u043d\u0430\u043b\u044c\u043d\u043e \u0434\u043e 256 \u0413\u0411\/512 \u0413\u0411\/1 \u0422\u0411 \u041e\u043f\u0435\u0440\u0430\u0442\u0438\u0432\u043d\u0430\u044f \u043f\u0430\u043c\u044f\u0442\u044c 8 \u0413\u0411 \u0432 \u0431\u0430\u0437\u043e\u0432\u043e\u0439 \u043a\u043e\u043c\u043f\u043b\u0435\u043a\u0442\u0430\u0446\u0438\u0438, \u043e\u043f\u0446\u0438\u043e\u043d\u0430\u043b\u044c\u043d\u043e \u0434\u043e 16 \u0413\u0411\/32 \u0413\u0411 \u0421\u0435\u0442\u0435\u0432\u0430\u044f \u043a\u0430\u0440\u0442\u0430 1 \u00d7 Ethernet&#8230;<\/p>\n","protected":false},"featured_media":0,"template":"","meta":[],"product_cat":[4437],"product_tag":[],"yoast_head":"<!-- This site is optimized with the Yoast SEO Premium plugin v20.1 (Yoast SEO v20.3) - https:\/\/yoast.com\/wordpress\/plugins\/seo\/ -->\n<title>\u0421\u0435\u043d\u0441\u043e\u0440\u043d\u044b\u0439 \u0442\u0435\u0440\u043c\u0438\u043d\u0430\u043b \u0410\u0422\u041e\u041b JAZZ 15 Pro<\/title>\n<meta name=\"robots\" content=\"index, follow, max-snippet:-1, max-image-preview:large, max-video-preview:-1\" \/>\n<link rel=\"canonical\" href=\"https:\/\/asf-trade.ru\/shop\/irkutsk\/product\/sensornyj-terminal-atol-jazz-15-pro-2\/\" \/>\n<meta property=\"og:locale\" content=\"ru_RU\" \/>\n<meta property=\"og:type\" content=\"article\" \/>\n<meta property=\"og:title\" content=\"\u0421\u0435\u043d\u0441\u043e\u0440\u043d\u044b\u0439 \u0442\u0435\u0440\u043c\u0438\u043d\u0430\u043b \u0410\u0422\u041e\u041b JAZZ 15 Pro\" \/>\n<meta property=\"og:url\" content=\"https:\/\/asf-trade.ru\/shop\/irkutsk\/product\/sensornyj-terminal-atol-jazz-15-pro-2\/\" \/>\n<meta property=\"og:site_name\" content=\"\u0418\u043d\u0442\u0435\u0440\u043d\u0435\u0442-\u043c\u0430\u0433\u0430\u0437\u0438\u043d \u043e\u0431\u043e\u0440\u0443\u0434\u043e\u0432\u0430\u043d\u0438\u044f \u0410\u0421\u0424-\u0422\u0440\u044d\u0439\u0434\" \/>\n<meta property=\"article:publisher\" content=\"https:\/\/www.facebook.com\/gkasf\/\" \/>\n<meta property=\"article:modified_time\" content=\"2026-04-13T18:28:58+00:00\" \/>\n<meta name=\"twitter:card\" content=\"summary_large_image\" \/>\n<script type=\"application\/ld+json\" class=\"yoast-schema-graph\">{\"@context\":\"https:\/\/schema.org\",\"@graph\":[{\"@type\":\"WebPage\",\"@id\":\"https:\/\/asf-trade.ru\/shop\/irkutsk\/product\/sensornyj-terminal-atol-jazz-15-pro-2\/\",\"url\":\"https:\/\/asf-trade.ru\/shop\/irkutsk\/product\/sensornyj-terminal-atol-jazz-15-pro-2\/\",\"name\":\"\u0421\u0435\u043d\u0441\u043e\u0440\u043d\u044b\u0439 \u0442\u0435\u0440\u043c\u0438\u043d\u0430\u043b \u0410\u0422\u041e\u041b JAZZ 15 Pro\",\"isPartOf\":{\"@id\":\"https:\/\/asf-trade.ru\/shop\/irkutsk\/#website\"},\"datePublished\":\"2025-05-30T06:29:08+00:00\",\"dateModified\":\"2026-04-13T18:28:58+00:00\",\"breadcrumb\":{\"@id\":\"https:\/\/asf-trade.ru\/shop\/irkutsk\/product\/sensornyj-terminal-atol-jazz-15-pro-2\/#breadcrumb\"},\"inLanguage\":\"ru-RU\",\"potentialAction\":[{\"@type\":\"ReadAction\",\"target\":[\"https:\/\/asf-trade.ru\/shop\/irkutsk\/product\/sensornyj-terminal-atol-jazz-15-pro-2\/\"]}]},{\"@type\":\"BreadcrumbList\",\"@id\":\"https:\/\/asf-trade.ru\/shop\/irkutsk\/product\/sensornyj-terminal-atol-jazz-15-pro-2\/#breadcrumb\",\"itemListElement\":[{\"@type\":\"ListItem\",\"position\":1,\"name\":\"Home\",\"item\":\"https:\/\/asf-trade.ru\/shop\/irkutsk\/\"},{\"@type\":\"ListItem\",\"position\":2,\"name\":\"\u041c\u0430\u0433\u0430\u0437\u0438\u043d\",\"item\":\"https:\/\/asf-trade.ru\/shop\/irkutsk\/shop\/\"},{\"@type\":\"ListItem\",\"position\":3,\"name\":\"\u0421\u0435\u043d\u0441\u043e\u0440\u043d\u044b\u0439 \u0442\u0435\u0440\u043c\u0438\u043d\u0430\u043b \u0410\u0422\u041e\u041b JAZZ 15 Pro\"}]},{\"@type\":\"WebSite\",\"@id\":\"https:\/\/asf-trade.ru\/shop\/irkutsk\/#website\",\"url\":\"https:\/\/asf-trade.ru\/shop\/irkutsk\/\",\"name\":\"\u0418\u043d\u0442\u0435\u0440\u043d\u0435\u0442-\u043c\u0430\u0433\u0430\u0437\u0438\u043d \u043e\u0431\u043e\u0440\u0443\u0434\u043e\u0432\u0430\u043d\u0438\u044f \\\"\u0410\u0421\u0424-\u0422\u0440\u044d\u0439\u0434\\\"\",\"description\":\"\u0418\u043d\u0442\u0435\u0440\u043d\u0435\u0442-\u043c\u0430\u0433\u0430\u0437\u0438\u043d \u043e\u0431\u043e\u0440\u0443\u0434\u043e\u0432\u0430\u043d\u0438\u044f \u0410\u0421\u0424-\u0422\u0440\u044d\u0439\u0434\",\"publisher\":{\"@id\":\"https:\/\/asf-trade.ru\/shop\/irkutsk\/#organization\"},\"potentialAction\":[{\"@type\":\"SearchAction\",\"target\":{\"@type\":\"EntryPoint\",\"urlTemplate\":\"https:\/\/asf-trade.ru\/shop\/irkutsk\/?s={search_term_string}\"},\"query-input\":\"required name=search_term_string\"}],\"inLanguage\":\"ru-RU\"},{\"@type\":\"Organization\",\"@id\":\"https:\/\/asf-trade.ru\/shop\/irkutsk\/#organization\",\"name\":\"\u041e\u041e\u041e \\\"\u0410\u0421\u0424-\u0422\u0440\u0435\u0439\u0434\\\"\",\"url\":\"https:\/\/asf-trade.ru\/shop\/irkutsk\/\",\"logo\":{\"@type\":\"ImageObject\",\"inLanguage\":\"ru-RU\",\"@id\":\"https:\/\/asf-trade.ru\/shop\/irkutsk\/#\/schema\/logo\/image\/\",\"url\":\"\",\"contentUrl\":\"\",\"caption\":\"\u041e\u041e\u041e \\\"\u0410\u0421\u0424-\u0422\u0440\u0435\u0439\u0434\\\"\"},\"image\":{\"@id\":\"https:\/\/asf-trade.ru\/shop\/irkutsk\/#\/schema\/logo\/image\/\"},\"sameAs\":[\"https:\/\/www.facebook.com\/gkasf\/\",\"https:\/\/www.instagram.com\/asf_gk\/\"]}]}<\/script>\n<meta property=\"product:price:amount\" content=\"50000.00\" \/>\n<meta property=\"product:price:currency\" content=\"RUB\" \/>\n<meta property=\"og:availability\" content=\"instock\" \/>\n<meta property=\"product:availability\" content=\"instock\" \/>\n<meta property=\"product:retailer_item_id\" content=\"CO-00042256_000000001\" \/>\n<meta property=\"product:condition\" content=\"new\" \/>\n<!-- \/ Yoast SEO Premium plugin. -->","yoast_head_json":{"title":"\u0421\u0435\u043d\u0441\u043e\u0440\u043d\u044b\u0439 \u0442\u0435\u0440\u043c\u0438\u043d\u0430\u043b \u0410\u0422\u041e\u041b JAZZ 15 Pro","robots":{"index":"index","follow":"follow","max-snippet":"max-snippet:-1","max-image-preview":"max-image-preview:large","max-video-preview":"max-video-preview:-1"},"canonical":"https:\/\/asf-trade.ru\/shop\/irkutsk\/product\/sensornyj-terminal-atol-jazz-15-pro-2\/","og_locale":"ru_RU","og_type":"article","og_title":"\u0421\u0435\u043d\u0441\u043e\u0440\u043d\u044b\u0439 \u0442\u0435\u0440\u043c\u0438\u043d\u0430\u043b \u0410\u0422\u041e\u041b JAZZ 15 Pro","og_url":"https:\/\/asf-trade.ru\/shop\/irkutsk\/product\/sensornyj-terminal-atol-jazz-15-pro-2\/","og_site_name":"\u0418\u043d\u0442\u0435\u0440\u043d\u0435\u0442-\u043c\u0430\u0433\u0430\u0437\u0438\u043d \u043e\u0431\u043e\u0440\u0443\u0434\u043e\u0432\u0430\u043d\u0438\u044f \u0410\u0421\u0424-\u0422\u0440\u044d\u0439\u0434","article_publisher":"https:\/\/www.facebook.com\/gkasf\/","article_modified_time":"2026-04-13T18:28:58+00:00","twitter_card":"summary_large_image","schema":{"@context":"https:\/\/schema.org","@graph":[{"@type":"WebPage","@id":"https:\/\/asf-trade.ru\/shop\/irkutsk\/product\/sensornyj-terminal-atol-jazz-15-pro-2\/","url":"https:\/\/asf-trade.ru\/shop\/irkutsk\/product\/sensornyj-terminal-atol-jazz-15-pro-2\/","name":"\u0421\u0435\u043d\u0441\u043e\u0440\u043d\u044b\u0439 \u0442\u0435\u0440\u043c\u0438\u043d\u0430\u043b \u0410\u0422\u041e\u041b JAZZ 15 Pro","isPartOf":{"@id":"https:\/\/asf-trade.ru\/shop\/irkutsk\/#website"},"datePublished":"2025-05-30T06:29:08+00:00","dateModified":"2026-04-13T18:28:58+00:00","breadcrumb":{"@id":"https:\/\/asf-trade.ru\/shop\/irkutsk\/product\/sensornyj-terminal-atol-jazz-15-pro-2\/#breadcrumb"},"inLanguage":"ru-RU","potentialAction":[{"@type":"ReadAction","target":["https:\/\/asf-trade.ru\/shop\/irkutsk\/product\/sensornyj-terminal-atol-jazz-15-pro-2\/"]}]},{"@type":"BreadcrumbList","@id":"https:\/\/asf-trade.ru\/shop\/irkutsk\/product\/sensornyj-terminal-atol-jazz-15-pro-2\/#breadcrumb","itemListElement":[{"@type":"ListItem","position":1,"name":"Home","item":"https:\/\/asf-trade.ru\/shop\/irkutsk\/"},{"@type":"ListItem","position":2,"name":"\u041c\u0430\u0433\u0430\u0437\u0438\u043d","item":"https:\/\/asf-trade.ru\/shop\/irkutsk\/shop\/"},{"@type":"ListItem","position":3,"name":"\u0421\u0435\u043d\u0441\u043e\u0440\u043d\u044b\u0439 \u0442\u0435\u0440\u043c\u0438\u043d\u0430\u043b \u0410\u0422\u041e\u041b JAZZ 15 Pro"}]},{"@type":"WebSite","@id":"https:\/\/asf-trade.ru\/shop\/irkutsk\/#website","url":"https:\/\/asf-trade.ru\/shop\/irkutsk\/","name":"\u0418\u043d\u0442\u0435\u0440\u043d\u0435\u0442-\u043c\u0430\u0433\u0430\u0437\u0438\u043d \u043e\u0431\u043e\u0440\u0443\u0434\u043e\u0432\u0430\u043d\u0438\u044f \"\u0410\u0421\u0424-\u0422\u0440\u044d\u0439\u0434\"","description":"\u0418\u043d\u0442\u0435\u0440\u043d\u0435\u0442-\u043c\u0430\u0433\u0430\u0437\u0438\u043d \u043e\u0431\u043e\u0440\u0443\u0434\u043e\u0432\u0430\u043d\u0438\u044f \u0410\u0421\u0424-\u0422\u0440\u044d\u0439\u0434","publisher":{"@id":"https:\/\/asf-trade.ru\/shop\/irkutsk\/#organization"},"potentialAction":[{"@type":"SearchAction","target":{"@type":"EntryPoint","urlTemplate":"https:\/\/asf-trade.ru\/shop\/irkutsk\/?s={search_term_string}"},"query-input":"required name=search_term_string"}],"inLanguage":"ru-RU"},{"@type":"Organization","@id":"https:\/\/asf-trade.ru\/shop\/irkutsk\/#organization","name":"\u041e\u041e\u041e \"\u0410\u0421\u0424-\u0422\u0440\u0435\u0439\u0434\"","url":"https:\/\/asf-trade.ru\/shop\/irkutsk\/","logo":{"@type":"ImageObject","inLanguage":"ru-RU","@id":"https:\/\/asf-trade.ru\/shop\/irkutsk\/#\/schema\/logo\/image\/","url":"","contentUrl":"","caption":"\u041e\u041e\u041e \"\u0410\u0421\u0424-\u0422\u0440\u0435\u0439\u0434\""},"image":{"@id":"https:\/\/asf-trade.ru\/shop\/irkutsk\/#\/schema\/logo\/image\/"},"sameAs":["https:\/\/www.facebook.com\/gkasf\/","https:\/\/www.instagram.com\/asf_gk\/"]}]},"product_price_amount":"50000.00","product_price_currency":"RUB","og_availability":"instock","product_availability":"instock","product_retailer_item_id":"CO-00042256_000000001","product_condition":"new"},"_links":{"self":[{"href":"https:\/\/asf-trade.ru\/shop\/irkutsk\/wp-json\/wp\/v2\/product\/350790"}],"collection":[{"href":"https:\/\/asf-trade.ru\/shop\/irkutsk\/wp-json\/wp\/v2\/product"}],"about":[{"href":"https:\/\/asf-trade.ru\/shop\/irkutsk\/wp-json\/wp\/v2\/types\/product"}],"wp:attachment":[{"href":"https:\/\/asf-trade.ru\/shop\/irkutsk\/wp-json\/wp\/v2\/media?parent=350790"}],"wp:term":[{"taxonomy":"product_cat","embeddable":true,"href":"https:\/\/asf-trade.ru\/shop\/irkutsk\/wp-json\/wp\/v2\/product_cat?post=350790"},{"taxonomy":"product_tag","embeddable":true,"href":"https:\/\/asf-trade.ru\/shop\/irkutsk\/wp-json\/wp\/v2\/product_tag?post=350790"}],"curies":[{"name":"wp","href":"https:\/\/api.w.org\/{rel}","templated":true}]}}