{"id":285225,"date":"2023-11-18T02:19:16","date_gmt":"2023-11-17T18:19:16","guid":{"rendered":"https:\/\/asf-trade.ru\/shop\/bratsk\/product\/sensornyj-terminal-atol-optima-4\/"},"modified":"2026-01-13T04:47:10","modified_gmt":"2026-01-12T20:47:10","slug":"sensornyj-terminal-atol-optima-4","status":"publish","type":"product","link":"https:\/\/asf-trade.ru\/shop\/bratsk\/product\/sensornyj-terminal-atol-optima-4\/","title":{"rendered":"\u0421\u0435\u043d\u0441\u043e\u0440\u043d\u044b\u0439 \u0442\u0435\u0440\u043c\u0438\u043d\u0430\u043b \u0410\u0422\u041e\u041b Optima"},"content":{"rendered":"<p>\u0421\u0435\u043d\u0441\u043e\u0440\u043d\u044b\u0439 \u0442\u0435\u0440\u043c\u0438\u043d\u0430\u043b \u0410\u0422\u041e\u041b Optima (11.6&#8243;, J3455, 8 \u0413\u0411 DDR3L, SSD 128 \u0413\u0431 M.2, \u0431\u0435\u0437 \u0410\u041a\u0411, \u0431\u0435\u0437 \u041e\u0421). V7<br \/>\n\u041f\u0440\u043e\u0446\u0435\u0441\u0441\u043e\u0440<br \/>\nIntel Celeron J3455, Quad Core, 1.50\/2.30 GHz<br \/>\n\u0411\u0435\u043d\u0447\u043c\u0430\u0440\u043a<br \/>\n2248 \u0431\u0430\u043b\u043b\u043e\u0432<br \/>\n\u041d\u0430\u043a\u043e\u043f\u0438\u0442\u0435\u043b\u044c \u0434\u0430\u043d\u043d\u044b\u0445<br \/>\n128 \u0413\u0411 SSD M.2, \u043e\u043f\u0446\u0438\u043e\u043d\u0430\u043b\u044c\u043d\u043e \u0434\u043e 512 \u0413\u0411<br \/>\n\u041e\u043f\u0435\u0440\u0430\u0442\u0438\u0432\u043d\u0430\u044f \u043f\u0430\u043c\u044f\u0442\u044c<br \/>\n8 \u0413\u0411 DDR3L SO-DIMM<br \/>\n\u0421\u0435\u0442\u0435\u0432\u043e\u0439 \u0438\u043d\u0442\u0435\u0440\u0444\u0435\u0439\u0441<br \/>\n1 \u00d7 Ethernet 10\/100\/1000 \u041c\u0431\u0438\u0442\/\u0441<br \/>\n\u041f\u043e\u0440\u0442\u044b \u0432\u0432\u043e\u0434\u0430-\u0432\u044b\u0432\u043e\u0434\u0430<br \/>\n2 \u00d7 USB 3.0 (1.3 A); 4 \u00d7 USB 2.0 (1.3 A); 2 \u00d7 USB 2.0 (0.75 A); 2 \u00d7 RS-232; CR-\u043f\u043e\u0440\u0442 \u0434\u043b\u044f \u0434\u0435\u043d\u0435\u0436\u043d\u043e\u0433\u043e \u044f\u0449\u0438\u043a\u0430 (RJ-12); HDMI; AUX; DC-in<br \/>\n\u0422\u0438\u043f \u044d\u043a\u0440\u0430\u043d\u0430<br \/>\nIPS, 11.6\u2019\u2019, Full HD, 1920 \u00d7 1080; PCAP, \u0441\u0435\u043d\u0441\u043e\u0440\u043d\u044b\u0439, \u0437\u0430\u0449\u0438\u0442\u0430 \u044d\u043a\u0440\u0430\u043d\u0430 IP54<br \/>\n\u041f\u043e\u0434\u0434\u0435\u0440\u0436\u043a\u0430 \u041e\u0421<br \/>\nWindows 10, Linux (Ubuntu, Debian)<br \/>\n\u041f\u0438\u0442\u0430\u043d\u0438\u0435<br \/>\n\u0412\u043d\u0435\u0448\u043d\u0438\u0439 \u0430\u0434\u0430\u043f\u0442\u0435\u0440 \u043f\u0438\u0442\u0430\u043d\u0438\u044f 12 \u0412\/5 \u0410<br \/>\n\u0422\u0435\u043c\u043f\u0435\u0440\u0430\u0442\u0443\u0440\u043d\u044b\u0439 \u0440\u0435\u0436\u0438\u043c<br \/>\n0\u2026+40 \u00b0C<br \/>\n\u041e\u0441\u043e\u0431\u0435\u043d\u043d\u043e\u0441\u0442\u0438<br \/>\n\u0412\u043e\u0437\u043c\u043e\u0436\u043d\u043e\u0441\u0442\u044c \u043a\u0440\u0435\u043f\u043b\u0435\u043d\u0438\u044f \u043d\u0430 \u0441\u0442\u0435\u043d\u0443 (VESA 75 \u00d7 75), \u043e\u0442\u0432\u0435\u0440\u0441\u0442\u0438\u0435 \u0434\u043b\u044f \u0437\u0430\u043c\u043a\u0430 Kensington \u043d\u0430 \u043a\u043e\u0440\u043f\u0443\u0441\u0435 \u0442\u0435\u0440\u043c\u0438\u043d\u0430\u043b\u0430, \u0432\u043e\u0437\u043c\u043e\u0436\u043d\u043e\u0441\u0442\u044c \u0443\u0441\u0442\u0430\u043d\u043e\u0432\u043a\u0438 \u0430\u043a\u043a\u0443\u043c\u0443\u043b\u044f\u0442\u043e\u0440\u0430 (\u0447\u0435\u0440\u0435\u0437 \u0410\u0421\u0426).<\/p>\n","protected":false},"excerpt":{"rendered":"<p>\u0421\u0435\u043d\u0441\u043e\u0440\u043d\u044b\u0439 \u0442\u0435\u0440\u043c\u0438\u043d\u0430\u043b \u0410\u0422\u041e\u041b Optima (11.6&#8243;, J3455, 8 \u0413\u0411 DDR3L, SSD 128 \u0413\u0431 M.2, \u0431\u0435\u0437 \u0410\u041a\u0411, \u0431\u0435\u0437 \u041e\u0421). V7 \u041f\u0440\u043e\u0446\u0435\u0441\u0441\u043e\u0440 Intel Celeron J3455, Quad Core, 1.50\/2.30 GHz \u0411\u0435\u043d\u0447\u043c\u0430\u0440\u043a 2248 \u0431\u0430\u043b\u043b\u043e\u0432 \u041d\u0430\u043a\u043e\u043f\u0438\u0442\u0435\u043b\u044c \u0434\u0430\u043d\u043d\u044b\u0445 128 \u0413\u0411 SSD M.2, \u043e\u043f\u0446\u0438\u043e\u043d\u0430\u043b\u044c\u043d\u043e \u0434\u043e 512 \u0413\u0411 \u041e\u043f\u0435\u0440\u0430\u0442\u0438\u0432\u043d\u0430\u044f \u043f\u0430\u043c\u044f\u0442\u044c 8 \u0413\u0411 DDR3L SO-DIMM \u0421\u0435\u0442\u0435\u0432\u043e\u0439 \u0438\u043d\u0442\u0435\u0440\u0444\u0435\u0439\u0441 1 \u00d7 Ethernet 10\/100\/1000 \u041c\u0431\u0438\u0442\/\u0441 \u041f\u043e\u0440\u0442\u044b \u0432\u0432\u043e\u0434\u0430-\u0432\u044b\u0432\u043e\u0434\u0430 2&#8230;<\/p>\n","protected":false},"featured_media":0,"template":"","meta":[],"product_cat":[1267],"product_tag":[],"yoast_head":"<!-- This site is optimized with the Yoast SEO Premium plugin v20.1 (Yoast SEO v20.3) - https:\/\/yoast.com\/wordpress\/plugins\/seo\/ -->\n<title>\u0421\u0435\u043d\u0441\u043e\u0440\u043d\u044b\u0439 \u0442\u0435\u0440\u043c\u0438\u043d\u0430\u043b \u0410\u0422\u041e\u041b Optima - \u0418\u043d\u0442\u0435\u0440\u043d\u0435\u0442-\u043c\u0430\u0433\u0430\u0437\u0438\u043d \u043e\u0431\u043e\u0440\u0443\u0434\u043e\u0432\u0430\u043d\u0438\u044f \u0410\u0421\u0424-\u0411\u0440\u0430\u0442\u0441\u043a<\/title>\n<meta name=\"robots\" content=\"index, follow, max-snippet:-1, max-image-preview:large, max-video-preview:-1\" \/>\n<link rel=\"canonical\" href=\"https:\/\/asf-trade.ru\/shop\/bratsk\/product\/sensornyj-terminal-atol-optima-4\/\" \/>\n<meta property=\"og:locale\" content=\"ru_RU\" \/>\n<meta property=\"og:type\" content=\"article\" \/>\n<meta property=\"og:title\" content=\"\u0421\u0435\u043d\u0441\u043e\u0440\u043d\u044b\u0439 \u0442\u0435\u0440\u043c\u0438\u043d\u0430\u043b \u0410\u0422\u041e\u041b Optima\" \/>\n<meta property=\"og:description\" content=\"\u0421\u0435\u043d\u0441\u043e\u0440\u043d\u044b\u0439 \u0442\u0435\u0440\u043c\u0438\u043d\u0430\u043b \u0410\u0422\u041e\u041b Optima (11.6&#8243;, J3455, 8 \u0413\u0411 DDR3L, SSD 128 \u0413\u0431 M.2, \u0431\u0435\u0437 \u0410\u041a\u0411, \u0431\u0435\u0437 \u041e\u0421). V7 \u041f\u0440\u043e\u0446\u0435\u0441\u0441\u043e\u0440 Intel Celeron J3455, Quad Core, 1.50\/2.30 GHz \u0411\u0435\u043d\u0447\u043c\u0430\u0440\u043a 2248 \u0431\u0430\u043b\u043b\u043e\u0432 \u041d\u0430\u043a\u043e\u043f\u0438\u0442\u0435\u043b\u044c \u0434\u0430\u043d\u043d\u044b\u0445 128 \u0413\u0411 SSD M.2, \u043e\u043f\u0446\u0438\u043e\u043d\u0430\u043b\u044c\u043d\u043e \u0434\u043e 512 \u0413\u0411 \u041e\u043f\u0435\u0440\u0430\u0442\u0438\u0432\u043d\u0430\u044f \u043f\u0430\u043c\u044f\u0442\u044c 8 \u0413\u0411 DDR3L SO-DIMM \u0421\u0435\u0442\u0435\u0432\u043e\u0439 \u0438\u043d\u0442\u0435\u0440\u0444\u0435\u0439\u0441 1 \u00d7 Ethernet 10\/100\/1000 \u041c\u0431\u0438\u0442\/\u0441 \u041f\u043e\u0440\u0442\u044b \u0432\u0432\u043e\u0434\u0430-\u0432\u044b\u0432\u043e\u0434\u0430 2...\" \/>\n<meta property=\"og:url\" content=\"https:\/\/asf-trade.ru\/shop\/bratsk\/product\/sensornyj-terminal-atol-optima-4\/\" \/>\n<meta property=\"og:site_name\" content=\"\u0418\u043d\u0442\u0435\u0440\u043d\u0435\u0442-\u043c\u0430\u0433\u0430\u0437\u0438\u043d \u043e\u0431\u043e\u0440\u0443\u0434\u043e\u0432\u0430\u043d\u0438\u044f \u0410\u0421\u0424-\u0411\u0440\u0430\u0442\u0441\u043a\" \/>\n<meta property=\"article:publisher\" content=\"https:\/\/www.facebook.com\/gkasf\/\" \/>\n<meta property=\"article:modified_time\" content=\"2026-01-12T20:47:10+00:00\" \/>\n<meta name=\"twitter:card\" content=\"summary_large_image\" \/>\n<script type=\"application\/ld+json\" class=\"yoast-schema-graph\">{\"@context\":\"https:\/\/schema.org\",\"@graph\":[{\"@type\":\"WebPage\",\"@id\":\"https:\/\/asf-trade.ru\/shop\/bratsk\/product\/sensornyj-terminal-atol-optima-4\/\",\"url\":\"https:\/\/asf-trade.ru\/shop\/bratsk\/product\/sensornyj-terminal-atol-optima-4\/\",\"name\":\"\u0421\u0435\u043d\u0441\u043e\u0440\u043d\u044b\u0439 \u0442\u0435\u0440\u043c\u0438\u043d\u0430\u043b \u0410\u0422\u041e\u041b Optima - \u0418\u043d\u0442\u0435\u0440\u043d\u0435\u0442-\u043c\u0430\u0433\u0430\u0437\u0438\u043d \u043e\u0431\u043e\u0440\u0443\u0434\u043e\u0432\u0430\u043d\u0438\u044f \u0410\u0421\u0424-\u0411\u0440\u0430\u0442\u0441\u043a\",\"isPartOf\":{\"@id\":\"https:\/\/asf-trade.ru\/shop\/bratsk\/#website\"},\"datePublished\":\"2023-11-17T18:19:16+00:00\",\"dateModified\":\"2026-01-12T20:47:10+00:00\",\"breadcrumb\":{\"@id\":\"https:\/\/asf-trade.ru\/shop\/bratsk\/product\/sensornyj-terminal-atol-optima-4\/#breadcrumb\"},\"inLanguage\":\"ru-RU\",\"potentialAction\":[{\"@type\":\"ReadAction\",\"target\":[\"https:\/\/asf-trade.ru\/shop\/bratsk\/product\/sensornyj-terminal-atol-optima-4\/\"]}]},{\"@type\":\"BreadcrumbList\",\"@id\":\"https:\/\/asf-trade.ru\/shop\/bratsk\/product\/sensornyj-terminal-atol-optima-4\/#breadcrumb\",\"itemListElement\":[{\"@type\":\"ListItem\",\"position\":1,\"name\":\"Home\",\"item\":\"https:\/\/asf-trade.ru\/shop\/bratsk\/\"},{\"@type\":\"ListItem\",\"position\":2,\"name\":\"\u041c\u0430\u0433\u0430\u0437\u0438\u043d\",\"item\":\"https:\/\/asf-trade.ru\/shop\/bratsk\/shop\/\"},{\"@type\":\"ListItem\",\"position\":3,\"name\":\"\u0421\u0435\u043d\u0441\u043e\u0440\u043d\u044b\u0439 \u0442\u0435\u0440\u043c\u0438\u043d\u0430\u043b \u0410\u0422\u041e\u041b Optima\"}]},{\"@type\":\"WebSite\",\"@id\":\"https:\/\/asf-trade.ru\/shop\/bratsk\/#website\",\"url\":\"https:\/\/asf-trade.ru\/shop\/bratsk\/\",\"name\":\"\u0418\u043d\u0442\u0435\u0440\u043d\u0435\u0442-\u043c\u0430\u0433\u0430\u0437\u0438\u043d \u043e\u0431\u043e\u0440\u0443\u0434\u043e\u0432\u0430\u043d\u0438\u044f \u0410\u0421\u0424-\u0411\u0440\u0430\u0442\u0441\u043a\",\"description\":\"\u0418\u043d\u0442\u0435\u0440\u043d\u0435\u0442-\u043c\u0430\u0433\u0430\u0437\u0438\u043d \u043e\u0431\u043e\u0440\u0443\u0434\u043e\u0432\u0430\u043d\u0438\u044f\",\"publisher\":{\"@id\":\"https:\/\/asf-trade.ru\/shop\/bratsk\/#organization\"},\"potentialAction\":[{\"@type\":\"SearchAction\",\"target\":{\"@type\":\"EntryPoint\",\"urlTemplate\":\"https:\/\/asf-trade.ru\/shop\/bratsk\/?s={search_term_string}\"},\"query-input\":\"required name=search_term_string\"}],\"inLanguage\":\"ru-RU\"},{\"@type\":\"Organization\",\"@id\":\"https:\/\/asf-trade.ru\/shop\/bratsk\/#organization\",\"name\":\"\u041e\u041e\u041e \\\"\u0410\u0421\u0424-\u0411\u0440\u0430\u0442\u0441\u043a\\\"\",\"url\":\"https:\/\/asf-trade.ru\/shop\/bratsk\/\",\"logo\":{\"@type\":\"ImageObject\",\"inLanguage\":\"ru-RU\",\"@id\":\"https:\/\/asf-trade.ru\/shop\/bratsk\/#\/schema\/logo\/image\/\",\"url\":\"\",\"contentUrl\":\"\",\"caption\":\"\u041e\u041e\u041e \\\"\u0410\u0421\u0424-\u0411\u0440\u0430\u0442\u0441\u043a\\\"\"},\"image\":{\"@id\":\"https:\/\/asf-trade.ru\/shop\/bratsk\/#\/schema\/logo\/image\/\"},\"sameAs\":[\"https:\/\/www.facebook.com\/gkasf\/\",\"https:\/\/www.instagram.com\/asf_gk\/\"]}]}<\/script>\n<meta property=\"product:price:amount\" content=\"36375.00\" \/>\n<meta property=\"product:price:currency\" content=\"RUB\" \/>\n<meta property=\"og:availability\" content=\"instock\" \/>\n<meta property=\"product:availability\" content=\"instock\" \/>\n<meta property=\"product:retailer_item_id\" content=\"CO-00039867_000000002\" \/>\n<meta property=\"product:condition\" content=\"new\" \/>\n<!-- \/ Yoast SEO Premium plugin. -->","yoast_head_json":{"title":"\u0421\u0435\u043d\u0441\u043e\u0440\u043d\u044b\u0439 \u0442\u0435\u0440\u043c\u0438\u043d\u0430\u043b \u0410\u0422\u041e\u041b Optima - \u0418\u043d\u0442\u0435\u0440\u043d\u0435\u0442-\u043c\u0430\u0433\u0430\u0437\u0438\u043d \u043e\u0431\u043e\u0440\u0443\u0434\u043e\u0432\u0430\u043d\u0438\u044f \u0410\u0421\u0424-\u0411\u0440\u0430\u0442\u0441\u043a","robots":{"index":"index","follow":"follow","max-snippet":"max-snippet:-1","max-image-preview":"max-image-preview:large","max-video-preview":"max-video-preview:-1"},"canonical":"https:\/\/asf-trade.ru\/shop\/bratsk\/product\/sensornyj-terminal-atol-optima-4\/","og_locale":"ru_RU","og_type":"article","og_title":"\u0421\u0435\u043d\u0441\u043e\u0440\u043d\u044b\u0439 \u0442\u0435\u0440\u043c\u0438\u043d\u0430\u043b \u0410\u0422\u041e\u041b Optima","og_description":"\u0421\u0435\u043d\u0441\u043e\u0440\u043d\u044b\u0439 \u0442\u0435\u0440\u043c\u0438\u043d\u0430\u043b \u0410\u0422\u041e\u041b Optima (11.6&#8243;, J3455, 8 \u0413\u0411 DDR3L, SSD 128 \u0413\u0431 M.2, \u0431\u0435\u0437 \u0410\u041a\u0411, \u0431\u0435\u0437 \u041e\u0421). V7 \u041f\u0440\u043e\u0446\u0435\u0441\u0441\u043e\u0440 Intel Celeron J3455, Quad Core, 1.50\/2.30 GHz \u0411\u0435\u043d\u0447\u043c\u0430\u0440\u043a 2248 \u0431\u0430\u043b\u043b\u043e\u0432 \u041d\u0430\u043a\u043e\u043f\u0438\u0442\u0435\u043b\u044c \u0434\u0430\u043d\u043d\u044b\u0445 128 \u0413\u0411 SSD M.2, \u043e\u043f\u0446\u0438\u043e\u043d\u0430\u043b\u044c\u043d\u043e \u0434\u043e 512 \u0413\u0411 \u041e\u043f\u0435\u0440\u0430\u0442\u0438\u0432\u043d\u0430\u044f \u043f\u0430\u043c\u044f\u0442\u044c 8 \u0413\u0411 DDR3L SO-DIMM \u0421\u0435\u0442\u0435\u0432\u043e\u0439 \u0438\u043d\u0442\u0435\u0440\u0444\u0435\u0439\u0441 1 \u00d7 Ethernet 10\/100\/1000 \u041c\u0431\u0438\u0442\/\u0441 \u041f\u043e\u0440\u0442\u044b \u0432\u0432\u043e\u0434\u0430-\u0432\u044b\u0432\u043e\u0434\u0430 2...","og_url":"https:\/\/asf-trade.ru\/shop\/bratsk\/product\/sensornyj-terminal-atol-optima-4\/","og_site_name":"\u0418\u043d\u0442\u0435\u0440\u043d\u0435\u0442-\u043c\u0430\u0433\u0430\u0437\u0438\u043d \u043e\u0431\u043e\u0440\u0443\u0434\u043e\u0432\u0430\u043d\u0438\u044f \u0410\u0421\u0424-\u0411\u0440\u0430\u0442\u0441\u043a","article_publisher":"https:\/\/www.facebook.com\/gkasf\/","article_modified_time":"2026-01-12T20:47:10+00:00","twitter_card":"summary_large_image","schema":{"@context":"https:\/\/schema.org","@graph":[{"@type":"WebPage","@id":"https:\/\/asf-trade.ru\/shop\/bratsk\/product\/sensornyj-terminal-atol-optima-4\/","url":"https:\/\/asf-trade.ru\/shop\/bratsk\/product\/sensornyj-terminal-atol-optima-4\/","name":"\u0421\u0435\u043d\u0441\u043e\u0440\u043d\u044b\u0439 \u0442\u0435\u0440\u043c\u0438\u043d\u0430\u043b \u0410\u0422\u041e\u041b Optima - \u0418\u043d\u0442\u0435\u0440\u043d\u0435\u0442-\u043c\u0430\u0433\u0430\u0437\u0438\u043d \u043e\u0431\u043e\u0440\u0443\u0434\u043e\u0432\u0430\u043d\u0438\u044f \u0410\u0421\u0424-\u0411\u0440\u0430\u0442\u0441\u043a","isPartOf":{"@id":"https:\/\/asf-trade.ru\/shop\/bratsk\/#website"},"datePublished":"2023-11-17T18:19:16+00:00","dateModified":"2026-01-12T20:47:10+00:00","breadcrumb":{"@id":"https:\/\/asf-trade.ru\/shop\/bratsk\/product\/sensornyj-terminal-atol-optima-4\/#breadcrumb"},"inLanguage":"ru-RU","potentialAction":[{"@type":"ReadAction","target":["https:\/\/asf-trade.ru\/shop\/bratsk\/product\/sensornyj-terminal-atol-optima-4\/"]}]},{"@type":"BreadcrumbList","@id":"https:\/\/asf-trade.ru\/shop\/bratsk\/product\/sensornyj-terminal-atol-optima-4\/#breadcrumb","itemListElement":[{"@type":"ListItem","position":1,"name":"Home","item":"https:\/\/asf-trade.ru\/shop\/bratsk\/"},{"@type":"ListItem","position":2,"name":"\u041c\u0430\u0433\u0430\u0437\u0438\u043d","item":"https:\/\/asf-trade.ru\/shop\/bratsk\/shop\/"},{"@type":"ListItem","position":3,"name":"\u0421\u0435\u043d\u0441\u043e\u0440\u043d\u044b\u0439 \u0442\u0435\u0440\u043c\u0438\u043d\u0430\u043b \u0410\u0422\u041e\u041b Optima"}]},{"@type":"WebSite","@id":"https:\/\/asf-trade.ru\/shop\/bratsk\/#website","url":"https:\/\/asf-trade.ru\/shop\/bratsk\/","name":"\u0418\u043d\u0442\u0435\u0440\u043d\u0435\u0442-\u043c\u0430\u0433\u0430\u0437\u0438\u043d \u043e\u0431\u043e\u0440\u0443\u0434\u043e\u0432\u0430\u043d\u0438\u044f \u0410\u0421\u0424-\u0411\u0440\u0430\u0442\u0441\u043a","description":"\u0418\u043d\u0442\u0435\u0440\u043d\u0435\u0442-\u043c\u0430\u0433\u0430\u0437\u0438\u043d \u043e\u0431\u043e\u0440\u0443\u0434\u043e\u0432\u0430\u043d\u0438\u044f","publisher":{"@id":"https:\/\/asf-trade.ru\/shop\/bratsk\/#organization"},"potentialAction":[{"@type":"SearchAction","target":{"@type":"EntryPoint","urlTemplate":"https:\/\/asf-trade.ru\/shop\/bratsk\/?s={search_term_string}"},"query-input":"required name=search_term_string"}],"inLanguage":"ru-RU"},{"@type":"Organization","@id":"https:\/\/asf-trade.ru\/shop\/bratsk\/#organization","name":"\u041e\u041e\u041e \"\u0410\u0421\u0424-\u0411\u0440\u0430\u0442\u0441\u043a\"","url":"https:\/\/asf-trade.ru\/shop\/bratsk\/","logo":{"@type":"ImageObject","inLanguage":"ru-RU","@id":"https:\/\/asf-trade.ru\/shop\/bratsk\/#\/schema\/logo\/image\/","url":"","contentUrl":"","caption":"\u041e\u041e\u041e \"\u0410\u0421\u0424-\u0411\u0440\u0430\u0442\u0441\u043a\""},"image":{"@id":"https:\/\/asf-trade.ru\/shop\/bratsk\/#\/schema\/logo\/image\/"},"sameAs":["https:\/\/www.facebook.com\/gkasf\/","https:\/\/www.instagram.com\/asf_gk\/"]}]},"product_price_amount":"36375.00","product_price_currency":"RUB","og_availability":"instock","product_availability":"instock","product_retailer_item_id":"CO-00039867_000000002","product_condition":"new"},"_links":{"self":[{"href":"https:\/\/asf-trade.ru\/shop\/bratsk\/wp-json\/wp\/v2\/product\/285225"}],"collection":[{"href":"https:\/\/asf-trade.ru\/shop\/bratsk\/wp-json\/wp\/v2\/product"}],"about":[{"href":"https:\/\/asf-trade.ru\/shop\/bratsk\/wp-json\/wp\/v2\/types\/product"}],"wp:attachment":[{"href":"https:\/\/asf-trade.ru\/shop\/bratsk\/wp-json\/wp\/v2\/media?parent=285225"}],"wp:term":[{"taxonomy":"product_cat","embeddable":true,"href":"https:\/\/asf-trade.ru\/shop\/bratsk\/wp-json\/wp\/v2\/product_cat?post=285225"},{"taxonomy":"product_tag","embeddable":true,"href":"https:\/\/asf-trade.ru\/shop\/bratsk\/wp-json\/wp\/v2\/product_tag?post=285225"}],"curies":[{"name":"wp","href":"https:\/\/api.w.org\/{rel}","templated":true}]}}